{"id":10,"date":"2021-08-03T17:25:13","date_gmt":"2021-08-03T15:25:13","guid":{"rendered":"http:\/\/10.0.1.10\/?page_id=8"},"modified":"2023-02-04T11:43:59","modified_gmt":"2023-02-04T10:43:59","slug":"cenni-storici","status":"publish","type":"page","link":"http:\/\/www.fiamingogiovanni.it\/index.php\/cenni-storici\/","title":{"rendered":"Cenni"},"content":{"rendered":"\n<div class=\"wp-block-columns alignfull is-layout-flex wp-container-core-columns-is-layout-9d6595d7 wp-block-columns-is-layout-flex\">\n<div class=\"wp-block-column is-layout-flow wp-block-column-is-layout-flow\">\n<p style=\"font-size:18px\"> <strong>Prof. Lucio Barbera:<\/strong><\/p>\n\n\n\n<p class=\"has-drop-cap\" style=\"font-size:18px\">realt\u00e0\u2026 pittura che vive come apparizione\u2026 le sue figure aggallano ed assumono l&#8217;aspetto di fan\u00adtasmi e di visioni&#8221;\u2026 L\u2019artista \u00e8 approdato nel tempo ad una messa in scena della realt\u00e0, offrendo immagini assolutamente inesistenti eppure costruite su elementi assolutamente reali. L\u2019immagine pure apparendo del tutto fantastica e inventata risponde ad una sua precisa logica, si ch\u00e8 ogni cosa, ogni gesto, ogni colore non pu\u00f2 essere che quello.<\/p>\n<\/div>\n\n\n\n<div class=\"wp-block-column is-layout-flow wp-block-column-is-layout-flow\" style=\"flex-basis:50%\">\n<p class=\"has-text-align-left\" style=\"font-size:18px\"><strong>Dott.ssa Maria Teresa Prestigiacomo:<\/strong><\/p>\n\n\n\n<p class=\"has-drop-cap\">&#8220;ibernate immagini di memoria rivivono come apparizione<br>da un sipario nero, mostrando pirandellianament e l&#8217;uomo ed il suo doppio sul palcoscenico della vita&#8221;.<\/p>\n<\/div>\n<\/div>\n\n\n\n<div class=\"wp-block-columns alignfull is-layout-flex wp-container-core-columns-is-layout-9d6595d7 wp-block-columns-is-layout-flex\">\n<div class=\"wp-block-column is-layout-flow wp-block-column-is-layout-flow\">\n<p style=\"font-size:18px\"> <strong><strong>Dott. Francesco Lo Conti:<\/strong><\/strong><\/p>\n\n\n\n<p class=\"has-drop-cap\" style=\"font-size:18px\">&#8220;La vulcanica creativit\u00e0 dell&#8217;artista non ha confi\u00adni originata dalla capacit\u00e0 di tradurre sollecitazioni del reale gli elementi che compongono il dipinto sono tangibili portatori di verit\u00e0 umane universali permeate da una &#8216;verve fantasiosa&#8217;&#8221;. &#8220;Le qualt\u00e0 di un artista si riconoscono dalle capacit\u00e0 espressive che egli riesce a dare alle sue opere, dalla sensibilit\u00e0 cromatica,\u2026 dallo stile per sonale del tratto compositivo. in tutto questo Giovanni Fiamingo riesce validamente a creare una sua impronta\u2026\u201d.<\/p>\n<\/div>\n\n\n\n<div class=\"wp-block-column is-layout-flow wp-block-column-is-layout-flow\" style=\"flex-basis:50%\">\n<p class=\"has-text-align-left\" style=\"font-size:18px\"><strong>Dott. Rosario Urz\u00ec:<\/strong><\/p>\n\n\n\n<p class=\"has-drop-cap\">&#8220;Le sue opere trasudano splendore e accuratezza espositiva; esprimono idee, tradizioni, costumi idealiz\u00adzati\u2026<br>Sono immagini straordinarie che coinvolgono dolcemente il recettore in un&#8217;atmosfera irreale, arcaica, quasi mistica\u2026 immagini che rivelano, che riscoprono 11 gusto del<br>segreto, dell&#8217;antico\u2026&#8221;.<\/p>\n<\/div>\n<\/div>\n\n\n\n<div class=\"wp-block-columns alignfull is-layout-flex wp-container-core-columns-is-layout-9d6595d7 wp-block-columns-is-layout-flex\">\n<div class=\"wp-block-column is-layout-flow wp-block-column-is-layout-flow\">\n<p style=\"font-size:18px\"> <strong><strong>Dott.ssa Giovanna Pant\u00f2:<\/strong><\/strong><\/p>\n\n\n\n<p class=\"has-drop-cap\">&#8220;Memorie antiche ma non lontane, rappresentazioni attuali di eventi distanti nel tempo, immagini vive nel presente<br>attraverso il filtro della memoria, quello della sensibilit\u00e0 di Giovanni Fiamingo che ci trasmette figure nitide provenienti dalla storia remota\u2026&#8221;.<\/p>\n<\/div>\n\n\n\n<div class=\"wp-block-column is-layout-flow wp-block-column-is-layout-flow\" style=\"flex-basis:50%\">\n<p class=\"has-text-align-left\" style=\"font-size:18px\"><strong>Prof. Luigi Ferlazzo Natoli:<\/strong><\/p>\n\n\n\n<p class=\"has-drop-cap\">&#8220;Le soffitte, le cantine dove si ammucchiano gli oggetti dismessi ma carichi di ricordi per chi li ha un tempo utilizzati\u2026<br>il rimpianto del pittore per l&#8217;infanzia perduta\u2026 Fiamingo si pone indubbiamente in un&#8217;area romantica e i valori che ci propone risco\u00adprono sentimenti positivi&#8221;.<\/p>\n<\/div>\n<\/div>\n\n\n\n<div class=\"wp-block-columns alignfull is-layout-flex wp-container-core-columns-is-layout-9d6595d7 wp-block-columns-is-layout-flex\">\n<div class=\"wp-block-column is-layout-flow wp-block-column-is-layout-flow\">\n<p style=\"font-size:18px\"> <strong><strong>Dott.ssa Mariangela Masino:<\/strong><\/strong><\/p>\n\n\n\n<p class=\"has-drop-cap\">&#8220;Un susseguirsi di immagini archiviate nella memoria. Le sue opere sono appunti visivi di un itinerario mentale, di un percorso che si snoda fra tenere e malinconiche evocazioni di immagini infantili\u2026. lontano dall\u2019astrattismo ma anche dai percorsi del figurativo recente, non interessato alla riproduzione del reale, traccia una linea di confine tra se e l\u2019ambiente raccontando attraverso il tempo e scopre il valore affettivo degli oggetti simboli di epoche e di momenti significativi&#8221;.<\/p>\n<\/div>\n\n\n\n<div class=\"wp-block-column is-layout-flow wp-block-column-is-layout-flow\" style=\"flex-basis:50%\">\n<p class=\"has-text-align-left\" style=\"font-size:18px\"><strong>Prof. Maria Rosaria Camardi Fonte:<\/strong><\/p>\n\n\n\n<p class=\"has-drop-cap\">&#8220;Ritmi di tempo e di spazio si intuiscono pi\u00f9 che percepirsi attraverso un susseguirsi di piani somatici che creano una atmosfera rarefatta, dentro la quale gli oggetti diventano simboli&#8221;.<\/p>\n<\/div>\n<\/div>\n\n\n\n<div class=\"wp-block-columns alignfull is-layout-flex wp-container-core-columns-is-layout-9d6595d7 wp-block-columns-is-layout-flex\">\n<div class=\"wp-block-column is-layout-flow wp-block-column-is-layout-flow\">\n<p style=\"font-size:18px\"> <strong><strong>Dott. Luigi La Rosa:<\/strong><\/strong><\/p>\n\n\n\n<p class=\"has-drop-cap\">Una pittura a met\u00e0 strada tra figurativo ed informale quella di G. Fiamingo, uscita da numerosi stagioni di ricerca e di elaborazione facendo dell\u2019idea formale un elemento dal quale partire per pi\u00f9 oscure riflessioni cromatiche. La pittura di Fiamingo si segnala per la capacit\u00e0 di inventare il mondo attraverso il sogno ad occhi aperti.<\/p>\n<\/div>\n\n\n\n<div class=\"wp-block-column is-layout-flow wp-block-column-is-layout-flow\" style=\"flex-basis:50%\">\n<p class=\"has-text-align-left\" style=\"font-size:18px\"><strong>Grazia Tardiolo:<\/strong><\/p>\n\n\n\n<p class=\"has-drop-cap\">Le opere di Fiamingo mettono in risalto l\u2019originalit\u00e0 dell\u2019artista costantemente permeata di surrealismo.<br>L\u2019insieme delle creazioni realizza all\u2019interno di una tangibilit\u00e0 un\u2019apertura sul futuro con costanti richiami verso il passato. Un trionfo di sogni di desideri di libert\u00e0. Come il vero surrealismo esige il pensiero appare libero da qualunque condizionamento e controllo.<\/p>\n<\/div>\n<\/div>\n\n\n\n<div class=\"wp-block-columns alignfull is-layout-flex wp-container-core-columns-is-layout-9d6595d7 wp-block-columns-is-layout-flex\">\n<div class=\"wp-block-column is-layout-flow wp-block-column-is-layout-flow\">\n<p style=\"font-size:18px\"> <strong><strong>L\u2019ISOLA<\/strong><\/strong><\/p>\n\n\n\n<p class=\"has-drop-cap\">Settimanale di attualit\u00e0 e cultura: Riflessi di vita. Brandelli di<br>iconografie metropolitane ripiegati su se stessi, tesi fra la ricerca, il disagio e la provocazione. Appunti di un viaggio in punta di pennello nel labirinto dell\u2019essere. Fiamingo autodidatta utilizza una tecnica nuova quasi una Koin\u00e8 che gli permette di esprimere con forza vibranti emozioni. Sogno evanescente e realt\u00e0 palpitante fusi insieme nei colori perch\u00e8 nessuno dimentichi che \u201cnoi siamo fatti della stessa sostanza di cui sono fatti i sogni\u201d. Fiamingo pittore dei sogni.<\/p>\n<\/div>\n\n\n\n<div class=\"wp-block-column is-layout-flow wp-block-column-is-layout-flow\" style=\"flex-basis:50%\">\n<p class=\"has-text-align-left\" style=\"font-size:18px\"><strong>Dott. Luciano Iaria:<\/strong><\/p>\n\n\n\n<p class=\"has-drop-cap\">&#8220;Liberi da cornici e proiettati nello spazio di segmenti e<br>curve di colori avanzano fin dentro l&#8217;anima con l&#8217;impeto di cromie ideate e accese\u2026.&#8221;<\/p>\n<\/div>\n<\/div>\n\n\n\n<div class=\"wp-block-columns alignfull is-layout-flex wp-container-core-columns-is-layout-9d6595d7 wp-block-columns-is-layout-flex\">\n<div class=\"wp-block-column is-layout-flow wp-block-column-is-layout-flow\">\n<p style=\"font-size:18px\"><strong>Dott. Domenico Femmin\u00f2 Peloro:<\/strong><\/p>\n\n\n\n<p class=\"has-drop-cap\">&#8220;Dotato di mezzi notevolmente raffinati, egli proietta<br>la sua sensibilit\u00e0 sulla tela con costruzioni elaborate dense di significati ed eseguite con estrema cura\u2026\u2026 L&#8217;apporto vibrante del colore che permette a queste composizioni di imporsi oltre il tempo reale\u2026.&#8221;<\/p>\n<\/div>\n\n\n\n<div class=\"wp-block-column is-layout-flow wp-block-column-is-layout-flow\" style=\"flex-basis:50%\">\n<p class=\"has-text-align-left\" style=\"font-size:18px\"><strong>Prof. Lucrezia Lorenzini:<\/strong><\/p>\n\n\n\n<p class=\"has-drop-cap\">&#8220;Le suggestioni che derivano dall&#8217;incontro tra l&#8217;arte figurativa,<br>colori di fasci di luce, il movimento della danza, tessuti mossi dai corpi, e il determinato musicale, cromatismo svelato dalla calligrafia pittorica, costituiscono moduli tematici e stilistici dell&#8217;impianto di universi creativi di Giovanni Fiamingo \u2026 Una pittura parlante intessuta nel silenzio dei colori\u2026&#8221;<\/p>\n<\/div>\n<\/div>\n\n\n\n<div class=\"wp-block-columns alignfull is-layout-flex wp-container-core-columns-is-layout-9d6595d7 wp-block-columns-is-layout-flex\">\n<div class=\"wp-block-column is-layout-flow wp-block-column-is-layout-flow\">\n<p style=\"font-size:18px\"><strong>Prof.ssa Maria Teresa Zagone:<\/strong><\/p>\n\n\n\n<p class=\"has-drop-cap\">&#8220;Fiamingo affronta con una sensibilit\u00e0 che, a dispetto dell&#8217;accesa cromia, indulge alla malinconia, figure frammentate, ricomposte e reinventate come in un mosaico mediante incastri geometrici che si allontanano volutamente dalla realt\u00e0 e dal chiasso della contemporaneit\u00e0\u2026 I personaggi, privi di identit\u00e0 vengono definiti da linee nere e spezzate decise e quasi grafiche\u2026 sono silhouette sospese, senza occhi n\u00e8 bocca senza fiato n\u00e8 moto, sbalzate in ambienti stranianti densi di silenzio\u2026&#8221;<\/p>\n<\/div>\n\n\n\n<div class=\"wp-block-column is-layout-flow wp-block-column-is-layout-flow\" style=\"flex-basis:50%\">\n<p class=\"has-text-align-left\" style=\"font-size:18px\"><strong>Prof. Lucrezia Lorenzini:<\/strong><\/p>\n\n\n\n<p class=\"has-drop-cap\">&#8220;L&#8217;impaginazione delle opere si caratterizza per una complessa struttura di piani, di linee, di geometrie che dialogano secondo prospettive e profondit\u00e0 sempre molto originali\u2026. L&#8217;iconografia di Fiamingo \u00e8 un diario del sogno, un libro di archetipi, un notturno struggente, dove maschere, giocolieri, musicisti, funamboli e ballerini sussurrano allo spettatore quel sentimento malinconico e sublime che pervade quelle indimenticabili sere in cui lo spettacolo del mondo partecipa allo spettacolo del nostro cuore\u2026&#8221;<\/p>\n<\/div>\n<\/div>\n\n\n\n<div class=\"wp-block-columns alignfull is-layout-flex wp-container-core-columns-is-layout-9d6595d7 wp-block-columns-is-layout-flex\">\n<div class=\"wp-block-column is-layout-flow wp-block-column-is-layout-flow\">\n<p style=\"font-size:18px\"><strong>Dott. Mos\u00e8 Previti:<\/strong><\/p>\n\n\n\n<p class=\"has-drop-cap\">&#8220;Fiamingo \u00e8 principalmente un figurativo, i suoi esordi sono intrisi di quel piacere per la pittura come sogno e gioco con la realt\u00e0. L&#8217;iconografia di Fiamingo \u00e8 un diario del sogno, un libro di archetipi, un notturno struggente, dove maschere, giocolieri, musicisti, funamboli e ballerini sussurrano allo spettatore quel sentimento malinconico e sublime che pervade quelle indimenticabili sere in cui lo spettacolo del mondo partecipa allo spettacolo del nostro cuore. Nella rivisitazione dell&#8217;antico scopriamo l&#8217;essenza, il segno proprio di Fiamingo: la linea. Il pittore \u00e8 geometrico ed elegante quanto malinconico e intenso nel rapporto continuo tra le tinte del blu e del rosa, nell&#8217;architettura di questi profili geometrici che s&#8217;incastrano come i pezzi di un&#8217;antica metopa olimpica. In questa esposizione \u00e8 quanto mai palese la sua idea di arte come messaggio chiaro, nitido, perfettamente compiuto, eppure mai scontato.&#8221;<\/p>\n<\/div>\n\n\n\n<div class=\"wp-block-column is-layout-flow wp-block-column-is-layout-flow\">\n<p style=\"font-size:18px\"><strong>Prof. Giulia Maria Sidoti:<\/strong><\/p>\n\n\n\n<p class=\"has-drop-cap\">&#8220;Giovanni Fiamingo \u00e8 un pittore &#8220;geometrico&#8221; ma di una geometria molto umana come il vario mondo del teatro a cui si ispira , che compone con linee e tasselli in cui scompone e incasella parti di realt\u00e0 lontana ecofuturista :sono tessuti in pezzi, quasi d&#8217;arlecchino, musicisti, strumenti , pianisti, ma anche corpi di donne che si stagliano tra piani differenti\u2026.con lo sfondo di architetture anch&#8217;esse geometriche\u2026\u2026Tutto per\u00f2 trasmette il movimento che \u00e8 messo in atto dall&#8217;incrociarsi di linee e spazi e la vita\u2026\u2026\u2026\u2026\u2026\u2026.&#8221;<\/p>\n<\/div>\n<\/div>\n","protected":false},"excerpt":{"rendered":"<p>Prof. Lucio Barbera: realt\u00e0\u2026 pittura che vive come apparizione\u2026 le sue figure aggallano ed assumono l&#8217;aspetto di fan\u00adtasmi e di visioni&#8221;\u2026 L\u2019artista \u00e8 approdato nel tempo ad una messa in scena della realt\u00e0, offrendo immagini assolutamente inesistenti eppure costruite su elementi assolutamente reali. L\u2019immagine pure apparendo del tutto fantastica e inventata risponde ad una sua&hellip; <a class=\"more-link\" href=\"http:\/\/www.fiamingogiovanni.it\/index.php\/cenni-storici\/\">Continua a leggere <span class=\"screen-reader-text\">Cenni<\/span><\/a><\/p>\n","protected":false},"author":1,"featured_media":0,"parent":0,"menu_order":0,"comment_status":"closed","ping_status":"closed","template":"","meta":{"footnotes":""},"class_list":["post-10","page","type-page","status-publish","hentry","entry"],"_links":{"self":[{"href":"http:\/\/www.fiamingogiovanni.it\/index.php\/wp-json\/wp\/v2\/pages\/10","targetHints":{"allow":["GET"]}}],"collection":[{"href":"http:\/\/www.fiamingogiovanni.it\/index.php\/wp-json\/wp\/v2\/pages"}],"about":[{"href":"http:\/\/www.fiamingogiovanni.it\/index.php\/wp-json\/wp\/v2\/types\/page"}],"author":[{"embeddable":true,"href":"http:\/\/www.fiamingogiovanni.it\/index.php\/wp-json\/wp\/v2\/users\/1"}],"replies":[{"embeddable":true,"href":"http:\/\/www.fiamingogiovanni.it\/index.php\/wp-json\/wp\/v2\/comments?post=10"}],"version-history":[{"count":9,"href":"http:\/\/www.fiamingogiovanni.it\/index.php\/wp-json\/wp\/v2\/pages\/10\/revisions"}],"predecessor-version":[{"id":399,"href":"http:\/\/www.fiamingogiovanni.it\/index.php\/wp-json\/wp\/v2\/pages\/10\/revisions\/399"}],"wp:attachment":[{"href":"http:\/\/www.fiamingogiovanni.it\/index.php\/wp-json\/wp\/v2\/media?parent=10"}],"curies":[{"name":"wp","href":"https:\/\/api.w.org\/{rel}","templated":true}]}}